{"id":11,"date":"2021-11-21T15:12:46","date_gmt":"2021-11-21T15:12:46","guid":{"rendered":"https:\/\/tukokue.com.py\/index.php\/home\/"},"modified":"2022-02-03T14:32:07","modified_gmt":"2022-02-03T14:32:07","slug":"home","status":"publish","type":"page","link":"https:\/\/tukokue.com.py\/","title":{"rendered":"Home"},"content":{"rendered":"\t\t<div data-elementor-type=\"wp-page\" data-elementor-id=\"11\" class=\"elementor elementor-11\" data-elementor-settings=\"[]\">\n\t\t\t\t\t\t\t<div class=\"elementor-section-wrap\">\n\t\t\t\t\t\t\t<section class=\"elementor-section elementor-top-section elementor-element elementor-element-ca7541c elementor-section-height-min-height elementor-section-boxed elementor-section-height-default elementor-section-items-middle\" data-id=\"ca7541c\" data-element_type=\"section\" data-settings=\"{&quot;background_background&quot;:&quot;classic&quot;}\">\n\t\t\t\t\t\t\t<div class=\"elementor-background-overlay\"><\/div>\n\t\t\t\t\t\t\t<div class=\"elementor-container elementor-column-gap-default\">\n\t\t\t\t\t<div class=\"elementor-column elementor-col-100 elementor-top-column elementor-element elementor-element-be10890\" data-id=\"be10890\" data-element_type=\"column\">\n\t\t\t<div class=\"elementor-widget-wrap elementor-element-populated\">\n\t\t\t\t\t\t\t\t<div class=\"elementor-element elementor-element-02500f6 elementor-invisible elementor-widget elementor-widget-heading\" data-id=\"02500f6\" data-element_type=\"widget\" data-settings=\"{&quot;_animation&quot;:&quot;fadeIn&quot;}\" data-widget_type=\"heading.default\">\n\t\t\t\t<div class=\"elementor-widget-container\">\n\t\t\t<h1 class=\"elementor-heading-title elementor-size-default\">DE NUESTRA GRANJA<\/h1>\t\t<\/div>\n\t\t\t\t<\/div>\n\t\t\t\t<div class=\"elementor-element elementor-element-0708f7f elementor-invisible elementor-widget elementor-widget-heading\" data-id=\"0708f7f\" data-element_type=\"widget\" data-settings=\"{&quot;_animation&quot;:&quot;fadeIn&quot;}\" data-widget_type=\"heading.default\">\n\t\t\t\t<div class=\"elementor-widget-container\">\n\t\t\t<h1 class=\"elementor-heading-title elementor-size-default\">a tu mesa<\/h1>\t\t<\/div>\n\t\t\t\t<\/div>\n\t\t\t\t\t<\/div>\n\t\t<\/div>\n\t\t\t\t\t\t\t<\/div>\n\t\t<\/section>\n\t\t\t\t<section class=\"elementor-section elementor-top-section elementor-element elementor-element-7701125 elementor-section-boxed elementor-section-height-default elementor-section-height-default\" data-id=\"7701125\" data-element_type=\"section\" data-settings=\"{&quot;background_background&quot;:&quot;classic&quot;}\">\n\t\t\t\t\t\t<div class=\"elementor-container elementor-column-gap-default\">\n\t\t\t\t\t<div class=\"elementor-column elementor-col-100 elementor-top-column elementor-element elementor-element-9ad04ba\" data-id=\"9ad04ba\" data-element_type=\"column\">\n\t\t\t<div class=\"elementor-widget-wrap elementor-element-populated\">\n\t\t\t\t\t\t\t\t<div class=\"elementor-element elementor-element-13ae7bf elementor-widget elementor-widget-heading\" data-id=\"13ae7bf\" data-element_type=\"widget\" data-widget_type=\"heading.default\">\n\t\t\t\t<div class=\"elementor-widget-container\">\n\t\t\t<h2 class=\"elementor-heading-title elementor-size-default\">Productos artesanales y agroecol\u00f3gicos<\/h2>\t\t<\/div>\n\t\t\t\t<\/div>\n\t\t\t\t<div class=\"elementor-element elementor-element-9c7221f elementor-widget-divider--view-line_icon elementor-view-default elementor-widget-divider--element-align-center elementor-widget elementor-widget-divider\" data-id=\"9c7221f\" data-element_type=\"widget\" data-widget_type=\"divider.default\">\n\t\t\t\t<div class=\"elementor-widget-container\">\n\t\t\t\t\t<div class=\"elementor-divider\">\n\t\t\t<span class=\"elementor-divider-separator\">\n\t\t\t\t\t\t\t<div class=\"elementor-icon elementor-divider__element\">\n\t\t\t\t\t<i aria-hidden=\"true\" class=\"fas fa-leaf\"><\/i><\/div>\n\t\t\t\t\t\t<\/span>\n\t\t<\/div>\n\t\t\t\t<\/div>\n\t\t\t\t<\/div>\n\t\t\t\t<section class=\"elementor-section elementor-inner-section elementor-element elementor-element-ef970f2 elementor-section-full_width elementor-section-height-default elementor-section-height-default\" data-id=\"ef970f2\" data-element_type=\"section\">\n\t\t\t\t\t\t<div class=\"elementor-container elementor-column-gap-default\">\n\t\t\t\t\t<div class=\"elementor-column elementor-col-33 elementor-inner-column elementor-element elementor-element-fd27b31\" data-id=\"fd27b31\" data-element_type=\"column\">\n\t\t\t<div class=\"elementor-widget-wrap elementor-element-populated\">\n\t\t\t\t\t\t\t\t<div class=\"elementor-element elementor-element-bff2ac9 elementor-widget elementor-widget-image\" data-id=\"bff2ac9\" data-element_type=\"widget\" data-widget_type=\"image.default\">\n\t\t\t\t<div class=\"elementor-widget-container\">\n\t\t\t\t\t\t\t\t\t\t\t\t\t\t\t<img loading=\"lazy\" decoding=\"async\" width=\"1440\" height=\"1440\" src=\"https:\/\/tukokue.com.py\/wp-content\/uploads\/2022\/01\/123101288_3625298544189379_1622773691846154086_n.jpg\" class=\"attachment-full size-full\" alt=\"\" srcset=\"https:\/\/tukokue.com.py\/wp-content\/uploads\/2022\/01\/123101288_3625298544189379_1622773691846154086_n.jpg 1440w, https:\/\/tukokue.com.py\/wp-content\/uploads\/2022\/01\/123101288_3625298544189379_1622773691846154086_n-300x300.jpg 300w, https:\/\/tukokue.com.py\/wp-content\/uploads\/2022\/01\/123101288_3625298544189379_1622773691846154086_n-1024x1024.jpg 1024w, https:\/\/tukokue.com.py\/wp-content\/uploads\/2022\/01\/123101288_3625298544189379_1622773691846154086_n-150x150.jpg 150w, https:\/\/tukokue.com.py\/wp-content\/uploads\/2022\/01\/123101288_3625298544189379_1622773691846154086_n-768x768.jpg 768w\" sizes=\"(max-width: 1440px) 100vw, 1440px\" \/>\t\t\t\t\t\t\t\t\t\t\t\t\t\t\t<\/div>\n\t\t\t\t<\/div>\n\t\t\t\t<div class=\"elementor-element elementor-element-54a2f8d elementor-position-top elementor-vertical-align-top elementor-widget elementor-widget-image-box\" data-id=\"54a2f8d\" data-element_type=\"widget\" data-widget_type=\"image-box.default\">\n\t\t\t\t<div class=\"elementor-widget-container\">\n\t\t\t<div class=\"elementor-image-box-wrapper\"><div class=\"elementor-image-box-content\"><h3 class=\"elementor-image-box-title\">MATERIA PRIMA DE PEQUE\u00d1OS PRODUCTORES<\/h3><p class=\"elementor-image-box-description\">Nuestra misi\u00f3n es ofrecer los mejores productos alimenticios, saludables e innovadores, hechos artesanalmente y con materia prima ecol\u00f3gicamente obtenida.\u00a0<\/p><\/div><\/div>\t\t<\/div>\n\t\t\t\t<\/div>\n\t\t\t\t\t<\/div>\n\t\t<\/div>\n\t\t\t\t<div class=\"elementor-column elementor-col-33 elementor-inner-column elementor-element elementor-element-e6971ee\" data-id=\"e6971ee\" data-element_type=\"column\">\n\t\t\t<div class=\"elementor-widget-wrap elementor-element-populated\">\n\t\t\t\t\t\t\t\t<div class=\"elementor-element elementor-element-1e4bc45 elementor-widget elementor-widget-image\" data-id=\"1e4bc45\" data-element_type=\"widget\" data-widget_type=\"image.default\">\n\t\t\t\t<div class=\"elementor-widget-container\">\n\t\t\t\t\t\t\t\t\t\t\t\t\t\t\t<img loading=\"lazy\" decoding=\"async\" width=\"1440\" height=\"1440\" src=\"https:\/\/tukokue.com.py\/wp-content\/uploads\/2022\/01\/135429817_3803414236377808_486605454682313576_n.jpg\" class=\"attachment-full size-full\" alt=\"\" srcset=\"https:\/\/tukokue.com.py\/wp-content\/uploads\/2022\/01\/135429817_3803414236377808_486605454682313576_n.jpg 1440w, https:\/\/tukokue.com.py\/wp-content\/uploads\/2022\/01\/135429817_3803414236377808_486605454682313576_n-300x300.jpg 300w, https:\/\/tukokue.com.py\/wp-content\/uploads\/2022\/01\/135429817_3803414236377808_486605454682313576_n-1024x1024.jpg 1024w, https:\/\/tukokue.com.py\/wp-content\/uploads\/2022\/01\/135429817_3803414236377808_486605454682313576_n-150x150.jpg 150w, https:\/\/tukokue.com.py\/wp-content\/uploads\/2022\/01\/135429817_3803414236377808_486605454682313576_n-768x768.jpg 768w\" sizes=\"(max-width: 1440px) 100vw, 1440px\" \/>\t\t\t\t\t\t\t\t\t\t\t\t\t\t\t<\/div>\n\t\t\t\t<\/div>\n\t\t\t\t<div class=\"elementor-element elementor-element-f07647b elementor-position-top elementor-vertical-align-top elementor-widget elementor-widget-image-box\" data-id=\"f07647b\" data-element_type=\"widget\" data-widget_type=\"image-box.default\">\n\t\t\t\t<div class=\"elementor-widget-container\">\n\t\t\t<div class=\"elementor-image-box-wrapper\"><div class=\"elementor-image-box-content\"><h3 class=\"elementor-image-box-title\">SIN CONSERVANTES<\/h3><p class=\"elementor-image-box-description\">Todos nuestros productos se elaboran con ingredientes frescos, cultivados de manera org\u00e1nica, libre de pesticidas, conservantes o ning\u00fan otro tipo de aditivo qu\u00edmico\/industrial.<\/p><\/div><\/div>\t\t<\/div>\n\t\t\t\t<\/div>\n\t\t\t\t\t<\/div>\n\t\t<\/div>\n\t\t\t\t<div class=\"elementor-column elementor-col-33 elementor-inner-column elementor-element elementor-element-b809155\" data-id=\"b809155\" data-element_type=\"column\">\n\t\t\t<div class=\"elementor-widget-wrap elementor-element-populated\">\n\t\t\t\t\t\t\t\t<div class=\"elementor-element elementor-element-6b792a3 elementor-widget elementor-widget-image\" data-id=\"6b792a3\" data-element_type=\"widget\" data-widget_type=\"image.default\">\n\t\t\t\t<div class=\"elementor-widget-container\">\n\t\t\t\t\t\t\t\t\t\t\t\t\t\t\t<img loading=\"lazy\" decoding=\"async\" width=\"1440\" height=\"1440\" src=\"https:\/\/tukokue.com.py\/wp-content\/uploads\/2022\/01\/123139903_3627847747267792_9018089340438073536_n.jpg\" class=\"attachment-full size-full\" alt=\"\" srcset=\"https:\/\/tukokue.com.py\/wp-content\/uploads\/2022\/01\/123139903_3627847747267792_9018089340438073536_n.jpg 1440w, https:\/\/tukokue.com.py\/wp-content\/uploads\/2022\/01\/123139903_3627847747267792_9018089340438073536_n-300x300.jpg 300w, https:\/\/tukokue.com.py\/wp-content\/uploads\/2022\/01\/123139903_3627847747267792_9018089340438073536_n-1024x1024.jpg 1024w, https:\/\/tukokue.com.py\/wp-content\/uploads\/2022\/01\/123139903_3627847747267792_9018089340438073536_n-150x150.jpg 150w, https:\/\/tukokue.com.py\/wp-content\/uploads\/2022\/01\/123139903_3627847747267792_9018089340438073536_n-768x768.jpg 768w\" sizes=\"(max-width: 1440px) 100vw, 1440px\" \/>\t\t\t\t\t\t\t\t\t\t\t\t\t\t\t<\/div>\n\t\t\t\t<\/div>\n\t\t\t\t<div class=\"elementor-element elementor-element-1d1e836 elementor-position-top elementor-vertical-align-top elementor-widget elementor-widget-image-box\" data-id=\"1d1e836\" data-element_type=\"widget\" data-widget_type=\"image-box.default\">\n\t\t\t\t<div class=\"elementor-widget-container\">\n\t\t\t<div class=\"elementor-image-box-wrapper\"><div class=\"elementor-image-box-content\"><h3 class=\"elementor-image-box-title\">DIRECTO DESDE EL \"KOKUE\"<\/h3><p class=\"elementor-image-box-description\">\"Kokue\" significa granja en guaran\u00ed; todo lo que hacemos viene de nuestro lugar de trabajo diario, con todos los cuidados necesarios, para que disfrutes de productos sanos y deliciosos, en tu mesa.<\/p><\/div><\/div>\t\t<\/div>\n\t\t\t\t<\/div>\n\t\t\t\t\t<\/div>\n\t\t<\/div>\n\t\t\t\t\t\t\t<\/div>\n\t\t<\/section>\n\t\t\t\t\t<\/div>\n\t\t<\/div>\n\t\t\t\t\t\t\t<\/div>\n\t\t<\/section>\n\t\t\t\t\t\t<\/div>\n\t\t\t\t\t<\/div>\n\t\t","protected":false},"excerpt":{"rendered":"<p>DE NUESTRA GRANJA a tu mesa Productos artesanales y agroecol\u00f3gicos MATERIA PRIMA DE PEQUE\u00d1OS PRODUCTORES Nuestra misi\u00f3n es ofrecer los mejores productos alimenticios, saludables e innovadores, hechos artesanalmente y con materia prima ecol\u00f3gicamente obtenida.\u00a0 SIN CONSERVANTES Todos nuestros productos se elaboran con ingredientes frescos, cultivados de manera org\u00e1nica, libre de pesticidas, conservantes o ning\u00fan otro &hellip;<\/p>\n<p class=\"read-more\"> <a class=\"\" href=\"https:\/\/tukokue.com.py\/\"> <span class=\"screen-reader-text\">Home<\/span> Leer m\u00e1s &raquo;<\/a><\/p>\n","protected":false},"author":1,"featured_media":0,"parent":0,"menu_order":0,"comment_status":"closed","ping_status":"closed","template":"","meta":{"site-sidebar-layout":"no-sidebar","site-content-layout":"page-builder","ast-main-header-display":"","ast-hfb-above-header-display":"","ast-hfb-below-header-display":"","ast-hfb-mobile-header-display":"","site-post-title":"disabled","ast-breadcrumbs-content":"","ast-featured-img":"disabled","footer-sml-layout":"","theme-transparent-header-meta":"enabled","adv-header-id-meta":"","stick-header-meta":"","header-above-stick-meta":"","header-main-stick-meta":"","header-below-stick-meta":"","footnotes":""},"_links":{"self":[{"href":"https:\/\/tukokue.com.py\/index.php\/wp-json\/wp\/v2\/pages\/11"}],"collection":[{"href":"https:\/\/tukokue.com.py\/index.php\/wp-json\/wp\/v2\/pages"}],"about":[{"href":"https:\/\/tukokue.com.py\/index.php\/wp-json\/wp\/v2\/types\/page"}],"author":[{"embeddable":true,"href":"https:\/\/tukokue.com.py\/index.php\/wp-json\/wp\/v2\/users\/1"}],"replies":[{"embeddable":true,"href":"https:\/\/tukokue.com.py\/index.php\/wp-json\/wp\/v2\/comments?post=11"}],"version-history":[{"count":42,"href":"https:\/\/tukokue.com.py\/index.php\/wp-json\/wp\/v2\/pages\/11\/revisions"}],"predecessor-version":[{"id":1549,"href":"https:\/\/tukokue.com.py\/index.php\/wp-json\/wp\/v2\/pages\/11\/revisions\/1549"}],"wp:attachment":[{"href":"https:\/\/tukokue.com.py\/index.php\/wp-json\/wp\/v2\/media?parent=11"}],"curies":[{"name":"wp","href":"https:\/\/api.w.org\/{rel}","templated":true}]}}