{"id":14,"date":"2021-11-21T15:14:19","date_gmt":"2021-11-21T15:14:19","guid":{"rendered":"https:\/\/tukokue.com.py\/index.php\/about\/"},"modified":"2022-02-03T14:32:41","modified_gmt":"2022-02-03T14:32:41","slug":"about","status":"publish","type":"page","link":"https:\/\/tukokue.com.py\/index.php\/about\/","title":{"rendered":"About"},"content":{"rendered":"\t\t<div data-elementor-type=\"wp-page\" data-elementor-id=\"14\" class=\"elementor elementor-14\" data-elementor-settings=\"[]\">\n\t\t\t\t\t\t\t<div class=\"elementor-section-wrap\">\n\t\t\t\t\t\t\t<section class=\"elementor-section elementor-top-section elementor-element elementor-element-c8ddeb6 elementor-section-height-min-height elementor-section-boxed elementor-section-height-default elementor-section-items-middle\" data-id=\"c8ddeb6\" data-element_type=\"section\" data-settings=\"{&quot;background_background&quot;:&quot;classic&quot;}\">\n\t\t\t\t\t\t\t<div class=\"elementor-background-overlay\"><\/div>\n\t\t\t\t\t\t\t<div class=\"elementor-container elementor-column-gap-default\">\n\t\t\t\t\t<div class=\"elementor-column elementor-col-100 elementor-top-column elementor-element elementor-element-6a5337e\" data-id=\"6a5337e\" data-element_type=\"column\">\n\t\t\t<div class=\"elementor-widget-wrap elementor-element-populated\">\n\t\t\t\t\t\t\t\t<div class=\"elementor-element elementor-element-feefb6c elementor-invisible elementor-widget elementor-widget-heading\" data-id=\"feefb6c\" data-element_type=\"widget\" data-settings=\"{&quot;_animation&quot;:&quot;fadeIn&quot;}\" data-widget_type=\"heading.default\">\n\t\t\t\t<div class=\"elementor-widget-container\">\n\t\t\t<h1 class=\"elementor-heading-title elementor-size-medium\">NUESTRA HISTORIA<\/h1>\t\t<\/div>\n\t\t\t\t<\/div>\n\t\t\t\t\t<\/div>\n\t\t<\/div>\n\t\t\t\t\t\t\t<\/div>\n\t\t<\/section>\n\t\t\t\t<section class=\"elementor-section elementor-top-section elementor-element elementor-element-034f786 elementor-section-boxed elementor-section-height-default elementor-section-height-default\" data-id=\"034f786\" data-element_type=\"section\" data-settings=\"{&quot;background_background&quot;:&quot;video&quot;}\">\n\t\t\t\t\t\t<div class=\"elementor-container elementor-column-gap-default\">\n\t\t\t\t\t<div class=\"elementor-column elementor-col-100 elementor-top-column elementor-element elementor-element-ba0c118\" data-id=\"ba0c118\" data-element_type=\"column\">\n\t\t\t<div class=\"elementor-widget-wrap elementor-element-populated\">\n\t\t\t\t\t\t\t\t<div class=\"elementor-element elementor-element-2ee6fa8 elementor-aspect-ratio-169 elementor-widget elementor-widget-video\" data-id=\"2ee6fa8\" data-element_type=\"widget\" data-settings=\"{&quot;youtube_url&quot;:&quot;https:\\\/\\\/www.youtube.com\\\/watch?v=mT07qkLzH68&amp;list=PLfMxoMkZ63_ic2b2ge5MB6_9pBgU9D_RM&amp;index=14&quot;,&quot;video_type&quot;:&quot;youtube&quot;,&quot;controls&quot;:&quot;yes&quot;,&quot;aspect_ratio&quot;:&quot;169&quot;}\" data-widget_type=\"video.default\">\n\t\t\t\t<div class=\"elementor-widget-container\">\n\t\t\t\t\t<div class=\"elementor-wrapper elementor-fit-aspect-ratio elementor-open-inline\">\n\t\t\t<div class=\"elementor-video\"><\/div>\t\t<\/div>\n\t\t\t\t<\/div>\n\t\t\t\t<\/div>\n\t\t\t\t<div class=\"elementor-element elementor-element-3dc998b elementor-widget elementor-widget-heading\" data-id=\"3dc998b\" data-element_type=\"widget\" data-widget_type=\"heading.default\">\n\t\t\t\t<div class=\"elementor-widget-container\">\n\t\t\t<h4 class=\"elementor-heading-title elementor-size-default\">Tu Kokue es un emprendimiento gastron\u00f3mico que fabrica y comercializa en el mercado local conservas, dulces, mermeladas y yogures bajo dos marcas:<\/h4>\t\t<\/div>\n\t\t\t\t<\/div>\n\t\t\t\t<section class=\"elementor-section elementor-inner-section elementor-element elementor-element-853226b elementor-section-boxed elementor-section-height-default elementor-section-height-default\" data-id=\"853226b\" data-element_type=\"section\">\n\t\t\t\t\t\t<div class=\"elementor-container elementor-column-gap-wider\">\n\t\t\t\t\t<div class=\"elementor-column elementor-col-50 elementor-inner-column elementor-element elementor-element-861c64f\" data-id=\"861c64f\" data-element_type=\"column\" data-settings=\"{&quot;background_background&quot;:&quot;classic&quot;}\">\n\t\t\t<div class=\"elementor-widget-wrap elementor-element-populated\">\n\t\t\t\t\t\t\t\t<div class=\"elementor-element elementor-element-4099ea5 elementor-widget elementor-widget-image\" data-id=\"4099ea5\" data-element_type=\"widget\" data-widget_type=\"image.default\">\n\t\t\t\t<div class=\"elementor-widget-container\">\n\t\t\t\t\t\t\t\t\t\t\t\t\t\t\t<img loading=\"lazy\" decoding=\"async\" width=\"500\" height=\"500\" src=\"https:\/\/tukokue.com.py\/wp-content\/uploads\/2022\/02\/1.png\" class=\"attachment-large size-large\" alt=\"\" srcset=\"https:\/\/tukokue.com.py\/wp-content\/uploads\/2022\/02\/1.png 500w, https:\/\/tukokue.com.py\/wp-content\/uploads\/2022\/02\/1-300x300.png 300w, https:\/\/tukokue.com.py\/wp-content\/uploads\/2022\/02\/1-150x150.png 150w\" sizes=\"(max-width: 500px) 100vw, 500px\" \/>\t\t\t\t\t\t\t\t\t\t\t\t\t\t\t<\/div>\n\t\t\t\t<\/div>\n\t\t\t\t<div class=\"elementor-element elementor-element-6d9d00f elementor-widget elementor-widget-text-editor\" data-id=\"6d9d00f\" data-element_type=\"widget\" data-widget_type=\"text-editor.default\">\n\t\t\t\t<div class=\"elementor-widget-container\">\n\t\t\t\t\t\t\t<p>Produce salsas de tomate y dulces de varios tipos de frutas con una l\u00ednea agroecol\u00f3gica, es decir, utilizando materia prima de peque\u00f1os productores locales que no utilizan pesticidas para la producci\u00f3n de los mismos.<\/p>\t\t\t\t\t\t<\/div>\n\t\t\t\t<\/div>\n\t\t\t\t\t<\/div>\n\t\t<\/div>\n\t\t\t\t<div class=\"elementor-column elementor-col-50 elementor-inner-column elementor-element elementor-element-44d9b48\" data-id=\"44d9b48\" data-element_type=\"column\" data-settings=\"{&quot;background_background&quot;:&quot;classic&quot;}\">\n\t\t\t<div class=\"elementor-widget-wrap elementor-element-populated\">\n\t\t\t\t\t\t\t\t<div class=\"elementor-element elementor-element-57e7d00 elementor-widget elementor-widget-image\" data-id=\"57e7d00\" data-element_type=\"widget\" data-widget_type=\"image.default\">\n\t\t\t\t<div class=\"elementor-widget-container\">\n\t\t\t\t\t\t\t\t\t\t\t\t\t\t\t<img loading=\"lazy\" decoding=\"async\" width=\"500\" height=\"500\" src=\"https:\/\/tukokue.com.py\/wp-content\/uploads\/2022\/02\/2.png\" class=\"attachment-large size-large\" alt=\"\" srcset=\"https:\/\/tukokue.com.py\/wp-content\/uploads\/2022\/02\/2.png 500w, https:\/\/tukokue.com.py\/wp-content\/uploads\/2022\/02\/2-300x300.png 300w, https:\/\/tukokue.com.py\/wp-content\/uploads\/2022\/02\/2-150x150.png 150w\" sizes=\"(max-width: 500px) 100vw, 500px\" \/>\t\t\t\t\t\t\t\t\t\t\t\t\t\t\t<\/div>\n\t\t\t\t<\/div>\n\t\t\t\t<div class=\"elementor-element elementor-element-e1dd07e elementor-widget elementor-widget-text-editor\" data-id=\"e1dd07e\" data-element_type=\"widget\" data-widget_type=\"text-editor.default\">\n\t\t\t\t<div class=\"elementor-widget-container\">\n\t\t\t\t\t\t\t<p>Produce l\u00e1cteos y sus derivados como yogur, queso cremoso y una variedad de dulces de leche.<\/p>\t\t\t\t\t\t<\/div>\n\t\t\t\t<\/div>\n\t\t\t\t\t<\/div>\n\t\t<\/div>\n\t\t\t\t\t\t\t<\/div>\n\t\t<\/section>\n\t\t\t\t\t<\/div>\n\t\t<\/div>\n\t\t\t\t\t\t\t<\/div>\n\t\t<\/section>\n\t\t\t\t<section class=\"elementor-section elementor-top-section elementor-element elementor-element-e889fc3 elementor-section-boxed elementor-section-height-default elementor-section-height-default\" data-id=\"e889fc3\" data-element_type=\"section\" data-settings=\"{&quot;background_background&quot;:&quot;classic&quot;}\">\n\t\t\t\t\t\t<div class=\"elementor-container elementor-column-gap-default\">\n\t\t\t\t\t<div class=\"elementor-column elementor-col-33 elementor-top-column elementor-element elementor-element-3c8f4a8\" data-id=\"3c8f4a8\" data-element_type=\"column\">\n\t\t\t<div class=\"elementor-widget-wrap\">\n\t\t\t\t\t\t\t\t\t<\/div>\n\t\t<\/div>\n\t\t\t\t<div class=\"elementor-column elementor-col-33 elementor-top-column elementor-element elementor-element-ebb2ba7\" data-id=\"ebb2ba7\" data-element_type=\"column\">\n\t\t\t<div class=\"elementor-widget-wrap elementor-element-populated\">\n\t\t\t\t\t\t\t\t<div class=\"elementor-element elementor-element-0309555 elementor-widget elementor-widget-image\" data-id=\"0309555\" data-element_type=\"widget\" data-widget_type=\"image.default\">\n\t\t\t\t<div class=\"elementor-widget-container\">\n\t\t\t\t\t\t\t\t\t\t\t\t\t\t\t<img loading=\"lazy\" decoding=\"async\" width=\"1440\" height=\"1438\" src=\"https:\/\/tukokue.com.py\/wp-content\/uploads\/2022\/02\/150539555_3916539908398573_8510950927494133864_n.jpg\" class=\"attachment-full size-full\" alt=\"\" srcset=\"https:\/\/tukokue.com.py\/wp-content\/uploads\/2022\/02\/150539555_3916539908398573_8510950927494133864_n.jpg 1440w, https:\/\/tukokue.com.py\/wp-content\/uploads\/2022\/02\/150539555_3916539908398573_8510950927494133864_n-300x300.jpg 300w, https:\/\/tukokue.com.py\/wp-content\/uploads\/2022\/02\/150539555_3916539908398573_8510950927494133864_n-1024x1024.jpg 1024w, https:\/\/tukokue.com.py\/wp-content\/uploads\/2022\/02\/150539555_3916539908398573_8510950927494133864_n-150x150.jpg 150w, https:\/\/tukokue.com.py\/wp-content\/uploads\/2022\/02\/150539555_3916539908398573_8510950927494133864_n-768x767.jpg 768w\" sizes=\"(max-width: 1440px) 100vw, 1440px\" \/>\t\t\t\t\t\t\t\t\t\t\t\t\t\t\t<\/div>\n\t\t\t\t<\/div>\n\t\t\t\t<div class=\"elementor-element elementor-element-beb0353 elementor-widget elementor-widget-heading\" data-id=\"beb0353\" data-element_type=\"widget\" data-widget_type=\"heading.default\">\n\t\t\t\t<div class=\"elementor-widget-container\">\n\t\t\t<h4 class=\"elementor-heading-title elementor-size-default\">Nuestros productos se caracterizan, adem\u00e1s de poseer unos sabores y mezclas \u00fanicas, por tener una excelente relaci\u00f3n calidad\/precio, no poseer conservantes ni aditivos y ser amigables con el medio ambiente.\n\nNos diferenciamos de productos similares fabricando dulces \u00fanicos como el \"dulce de tomate y albahaca\" o de \"mam\u00f3n y mburucuja\" o los dulce de leche con diferentes componente como el dulce de leche con cacao o con canela.\n\nAdem\u00e1s, de utilizar productos amigables con el medio ambiente comprando materia prima de peque\u00f1os productores agro ecol\u00f3gicos y az\u00facar org\u00e1nica para la producci\u00f3n de los mismos. Y la responsabilidad social ya que apoyamos de esta manera la agricultura familiar campesina.<\/h4>\t\t<\/div>\n\t\t\t\t<\/div>\n\t\t\t\t\t<\/div>\n\t\t<\/div>\n\t\t\t\t<div class=\"elementor-column elementor-col-33 elementor-top-column elementor-element elementor-element-9e16007\" data-id=\"9e16007\" data-element_type=\"column\">\n\t\t\t<div class=\"elementor-widget-wrap\">\n\t\t\t\t\t\t\t\t\t<\/div>\n\t\t<\/div>\n\t\t\t\t\t\t\t<\/div>\n\t\t<\/section>\n\t\t\t\t\t\t<\/div>\n\t\t\t\t\t<\/div>\n\t\t","protected":false},"excerpt":{"rendered":"<p>NUESTRA HISTORIA Tu Kokue es un emprendimiento gastron\u00f3mico que fabrica y comercializa en el mercado local conservas, dulces, mermeladas y yogures bajo dos marcas: Produce salsas de tomate y dulces de varios tipos de frutas con una l\u00ednea agroecol\u00f3gica, es decir, utilizando materia prima de peque\u00f1os productores locales que no utilizan pesticidas para la producci\u00f3n &hellip;<\/p>\n<p class=\"read-more\"> <a class=\"\" href=\"https:\/\/tukokue.com.py\/index.php\/about\/\"> <span class=\"screen-reader-text\">About<\/span> Leer m\u00e1s &raquo;<\/a><\/p>\n","protected":false},"author":1,"featured_media":0,"parent":0,"menu_order":0,"comment_status":"closed","ping_status":"closed","template":"","meta":{"site-sidebar-layout":"no-sidebar","site-content-layout":"page-builder","ast-main-header-display":"","ast-hfb-above-header-display":"","ast-hfb-below-header-display":"","ast-hfb-mobile-header-display":"","site-post-title":"disabled","ast-breadcrumbs-content":"","ast-featured-img":"disabled","footer-sml-layout":"","theme-transparent-header-meta":"enabled","adv-header-id-meta":"","stick-header-meta":"","header-above-stick-meta":"","header-main-stick-meta":"","header-below-stick-meta":"","footnotes":""},"_links":{"self":[{"href":"https:\/\/tukokue.com.py\/index.php\/wp-json\/wp\/v2\/pages\/14"}],"collection":[{"href":"https:\/\/tukokue.com.py\/index.php\/wp-json\/wp\/v2\/pages"}],"about":[{"href":"https:\/\/tukokue.com.py\/index.php\/wp-json\/wp\/v2\/types\/page"}],"author":[{"embeddable":true,"href":"https:\/\/tukokue.com.py\/index.php\/wp-json\/wp\/v2\/users\/1"}],"replies":[{"embeddable":true,"href":"https:\/\/tukokue.com.py\/index.php\/wp-json\/wp\/v2\/comments?post=14"}],"version-history":[{"count":87,"href":"https:\/\/tukokue.com.py\/index.php\/wp-json\/wp\/v2\/pages\/14\/revisions"}],"predecessor-version":[{"id":1552,"href":"https:\/\/tukokue.com.py\/index.php\/wp-json\/wp\/v2\/pages\/14\/revisions\/1552"}],"wp:attachment":[{"href":"https:\/\/tukokue.com.py\/index.php\/wp-json\/wp\/v2\/media?parent=14"}],"curies":[{"name":"wp","href":"https:\/\/api.w.org\/{rel}","templated":true}]}}